{"id":10349,"date":"2020-03-11T09:19:17","date_gmt":"2020-03-11T07:19:17","guid":{"rendered":"https:\/\/cosh.de\/terms-conditions-german-language\/"},"modified":"2022-03-25T16:37:41","modified_gmt":"2022-03-25T14:37:41","slug":"terms-conditions-german-language","status":"publish","type":"page","link":"https:\/\/cosh.de\/en\/terms-conditions-german-language\/","title":{"rendered":"Terms &amp; Conditions (german language)"},"content":{"rendered":"<div class=\"fusion-fullwidth fullwidth-box fusion-builder-row-1 nonhundred-percent-fullwidth non-hundred-percent-height-scrolling\" style=\"--awb-border-radius-top-left:0px;--awb-border-radius-top-right:0px;--awb-border-radius-bottom-right:0px;--awb-border-radius-bottom-left:0px;--awb-padding-top:6%;--awb-padding-bottom:6%;--awb-flex-wrap:wrap;\" ><div class=\"fusion-builder-row fusion-row\"><div class=\"fusion-layout-column fusion_builder_column fusion-builder-column-0 fusion_builder_column_1_1 1_1 fusion-one-full fusion-column-first fusion-column-last fusion-animated\" style=\"--awb-bg-size:cover;\" data-animationType=\"fadeInUp\" data-animationDuration=\"1.0\" data-animationOffset=\"top-into-view\"><div class=\"fusion-column-wrapper fusion-column-has-shadow fusion-flex-column-wrapper-legacy\"><div class=\"fusion-title title fusion-title-1 fusion-title-center fusion-title-text fusion-title-size-two\" style=\"--awb-margin-top-small:0px;--awb-margin-bottom-small:20px;--awb-font-size:2.2em;\"><div class=\"title-sep-container title-sep-container-left\"><div class=\"title-sep sep- sep-solid\" style=\"border-color:#e2e2e2;\"><\/div><\/div><span class=\"awb-title-spacer\"><\/span><h2 class=\"fusion-title-heading title-heading-center fusion-responsive-typography-calculated\" style=\"font-family:&quot;Poppins&quot;;font-style:normal;font-weight:700;margin:0;font-size:1em;--fontSize:35.2;line-height:1.2;\">Terms &amp; Conditions (german language)<\/h2><span class=\"awb-title-spacer\"><\/span><div class=\"title-sep-container title-sep-container-right\"><div class=\"title-sep sep- sep-solid\" style=\"border-color:#e2e2e2;\"><\/div><\/div><\/div><div class=\"fusion-clearfix\"><\/div><\/div><\/div><div class=\"fusion-layout-column fusion_builder_column fusion-builder-column-1 fusion_builder_column_1_1 1_1 fusion-one-full fusion-column-first fusion-column-last fusion-animated\" style=\"--awb-padding-right:4%;--awb-padding-left:4%;--awb-bg-size:cover;\" data-animationType=\"fadeInUp\" data-animationDuration=\"1.0\" data-animationOffset=\"top-into-view\"><div class=\"fusion-column-wrapper fusion-column-has-shadow fusion-flex-column-wrapper-legacy\"><div class=\"fusion-text fusion-text-1\"><div id=\"content-2\" class=\"content-12 content-section content-section-spacing\" data-label=\"Content\" data-id=\"content--2\" data-export-id=\"content-12\" data-category=\"content\">\n<div class=\"\">\n<div class=\"row text-center\">\n<div class=\"section-title-col\" data-type=\"column\">\n<h2 class=\"fusion-responsive-typography-calculated\" data-fontsize=\"40\" data-lineheight=\"48px\" style=\"--fontSize:40; line-height: 1.2;\"><\/h2>\n<p data-fusion-font=\"true\" style=\"font-size: 14px; line-height: 18px;\">1. Geltungsbereich<\/p>\n<p data-fusion-font=\"true\" style=\"font-size: 14px; line-height: 18px;\">1.1 F\u00fcr alle Lieferungen, Leistungen und Angebote gelten ausschlie\u00dflich diese Allgemeinen Gesch\u00e4ftsbedingungen.<\/p>\n<p data-fusion-font=\"true\" style=\"font-size: 14px; line-height: 18px;\">1.2 \u00c4nderungen und Erg\u00e4nzungen zu diesen Gesch\u00e4ftsbedingungen sowie Nebenabreden bed\u00fcrfen zu ihrer G\u00fcltigkeit der schriftlichen Best\u00e4tigung durch die CosH Consulting GmbH.<\/p>\n<p data-fusion-font=\"true\" style=\"font-size: 14px; line-height: 18px;\">1.3 Der K\u00e4ufer erkennt mit Erteilung eines Auftrages diese Bedingungen als rechtsverbindlich an. Die Anwendung eigener Allgemeiner Gesch\u00e4ftsbedingungen finden selbst bei Mitteilung derer durch den Besteller keine Ber\u00fccksichtigung.<\/p>\n<p data-fusion-font=\"true\" style=\"font-size: 14px; line-height: 18px;\">1.4 Vertragsbestandteil sind neben diesen AGB ferner Lizenzbedingungen der Hersteller, sofern diesen den entsprechenden Produkten, insbesondere Software, beiliegen. Mit Empfang solcher Produkte erkennt der K\u00e4ufer deren Geltung ausdr\u00fccklich an.<\/p>\n<p data-fusion-font=\"true\" style=\"font-size: 14px; line-height: 18px;\">2. Vertragsschluss<\/p>\n<p data-fusion-font=\"true\" style=\"font-size: 14px; line-height: 18px;\">2.1 Die von uns angegebenen Preise und Angebote sind freibleibend und unverbindlich.<\/p>\n<p data-fusion-font=\"true\" style=\"font-size: 14px; line-height: 18px;\">2.2 Die Darstellung der Produkte im Online-Shop stellt kein rechtlich bindendes Angebot, sondern einen unverbindlichen Online-Katalog dar.<\/p>\n<p data-fusion-font=\"true\" style=\"font-size: 14px; line-height: 18px;\">2.3 Durch Anklicken des Buttons \u201eBestellung aufgeben!\u201c gibt der Kunde eine verbindliche Bestellung der im Warenkorb enthaltenen Waren ab.<\/p>\n<p data-fusion-font=\"true\" style=\"font-size: 14px; line-height: 18px;\">2.4 Die Best\u00e4tigung des Eingangs der Bestellung folgt unmittelbar nach dem Absenden der Bestellung.<\/p>\n<p data-fusion-font=\"true\" style=\"font-size: 14px; line-height: 18px;\">2.5 Der Kaufvertrag kommt mit unserer Auslieferungsbest\u00e4tigung oder Lieferung der Waren zustande.<\/p>\n<p data-fusion-font=\"true\" style=\"font-size: 14px; line-height: 18px;\">2.6 Sollte der Kunde binnen 2 Wochen keine Auslieferungsbest\u00e4tigung oder Lieferung von uns erhalten, ist er nicht mehr an seine Bestellung gebunden.<\/p>\n<p data-fusion-font=\"true\" style=\"font-size: 14px; line-height: 18px;\">2.7 Behindert der K\u00e4ufer wissentlich den korrekten Abschluss des Kaufvertrages, indem er die Annahme der bestellten Ware verweigert oder die von der Deutschen Post gesetzten Abholfrist von 7 Tagen ab Zustellungsdatum nicht wahrnimmt, erhebt CosH Kosten f\u00fcr den entstandenen Aufwand. Bei nationalen Sendungen bel\u00e4uft sich der anfallende Betrag auf 10 Euro, bei gew\u00fcnschter zweiter Zustellung und internationalen Sendungen fallen 20 Euro an. Der Kunde kann zu jedem Zeitpunkt eine exakte Aufstellung dieser Geb\u00fchren verlangen. Ihm bleibt vorbehalten, einen geringeren Schaden nachzuweisen. Die Bestimmungen des Widerrufsrechts bleiben hiervon unber\u00fchrt.<\/p>\n<p data-fusion-font=\"true\" style=\"font-size: 14px; line-height: 18px;\">2.8 Eine Korrektur nachweisbarer Irrt\u00fcmer in Angeboten, Auftragsbest\u00e4tigungen und Rechnungen muss anerkannt werden.<\/p>\n<p data-fusion-font=\"true\" style=\"font-size: 14px; line-height: 18px;\">3. Preise und Zahlungsbedingungen<\/p>\n<p data-fusion-font=\"true\" style=\"font-size: 14px; line-height: 18px;\">3.1 Unsere Preise f\u00fcr Endverbraucher enthalten die gesetzliche Mehrwertsteuer von 19% (bzw. 7%). Unsere H\u00e4ndlerpreise sind Nettopreise zuz\u00fcglich der gesetzlichen Mehrwertsteuer von 19% (bzw. 7%).<\/p>\n<p data-fusion-font=\"true\" style=\"font-size: 14px; line-height: 18px;\">3.2 Alle Preise verstehen sich als Endpreise ab Lager Feucht, inklusive Verpackung, zzgl. s\u00e4mtliche Zusatz-, Versand- und Nachnahmespesen (soweit nichts anderes vereinbart).<\/p>\n<p data-fusion-font=\"true\" style=\"font-size: 14px; line-height: 18px;\">3.3 Wir sind berechtigt, eine Preis\u00e4nderung vorzunehmen, wenn zwischen Vertragsschluss und vereinbartem Liefertermin mehr als 4 (vier) Monate liegen. Wir werden dies schriftlich gegen\u00fcber dem Kunden anzeigen. \u00dcbersteigt eine Preiserh\u00f6hung den Anstieg der Lebenshaltungskosten deutlich, so ist der Kunde berechtigt, vom Vertrag zur\u00fcckzutreten. Bereits erbrachte Leistungen werden zur\u00fcckerstattet. Widerspricht der Kunde der \u00c4nderung der H\u00f6he der Verg\u00fctung innerhalb von 4 Wochen nicht, so gilt die ge\u00e4nderte Verg\u00fctung sp\u00e4testens mit der Inanspruchnahme von Leistungen als genehmigt. Wir werden auf die Folgen eines ausbleibenden Widerspruchs bei \u00c4nderung der Verg\u00fctung noch einmal ausdr\u00fccklich hinweisen.<\/p>\n<p data-fusion-font=\"true\" style=\"font-size: 14px; line-height: 18px;\">3.4 Soweit keine anderen Abreden getroffen sind, ist der Kaufpreis beim Erhalt der Ware zu entrichten.<\/p>\n<p data-fusion-font=\"true\" style=\"font-size: 14px; line-height: 18px;\">3.5 Zu Teilzahlungen ist der Kunde nur nach Absprache und schriftlicher Best\u00e4tigung durch uns berechtigt.<\/p>\n<p data-fusion-font=\"true\" style=\"font-size: 14px; line-height: 18px;\">3.6 Kommt der Kunde in Zahlungsverzug, so sind wir berechtigt, Verzugszinsen in H\u00f6he von 5 % \u00fcber dem jeweils g\u00fcltigen Basiszinssatz der Europ\u00e4ischen Zentralbank zu berechnen.<\/p>\n<p data-fusion-font=\"true\" style=\"font-size: 14px; line-height: 18px;\">3.7 Bei \u00dcberschreiten des Zahlungsziels werden die Mahnkosten in H\u00f6he von EUR 2,50 f\u00fcr die erste, EUR 5,00 f\u00fcr die zweite und EUR 7,50 f\u00fcr die dritte Mahnung berechnet.<\/p>\n<p data-fusion-font=\"true\" style=\"font-size: 14px; line-height: 18px;\">3.8 Im Falle eines Zahlungsverzuges oder der Einstellung der Zahlungen durch den K\u00e4ufer werden alle Forderungen sofort zur Zahlung f\u00e4llig. Die jeweiligen Zahlungen werden auf die \u00e4ltesten f\u00e4lligen Forderungen verrechnet. Wir behalten uns das Recht vor, von weiteren Warenanlieferungen an den Kunden Abstand zu nehmen oder die Ware nur gegen Vorauszahlung auszuliefern.<\/p>\n<p data-fusion-font=\"true\" style=\"font-size: 14px; line-height: 18px;\">3.9 Ein Aufrechnungsrecht steht dem K\u00e4ufer nur zu, wenn seine Gegenanspr\u00fcche rechtskr\u00e4ftig festgestellt, unbestritten oder von uns anerkannt sind. Der K\u00e4ufer ist zur Aus\u00fcbung eines Zur\u00fcckbehaltungsrechtes befugt, wenn sein Gegenanspruch auf dem gleichen Vertragsverh\u00e4ltnis beruht.<\/p>\n<p data-fusion-font=\"true\" style=\"font-size: 14px; line-height: 18px;\">4. Lieferung<\/p>\n<p data-fusion-font=\"true\" style=\"font-size: 14px; line-height: 18px;\">4.1 Liefer- und Leistungsfristen sind nur verbindlich, wenn sie schriftlich vereinbart wurden. Die Lieferung erfolgt, soweit nicht schriftlich etwas anderes vereinbart wurde, auf Kosten des Kunden ab unserem Lager in Feucht.<\/p>\n<p data-fusion-font=\"true\" style=\"font-size: 14px; line-height: 18px;\">4.2 K\u00f6nnen wir aufgrund eines Umstandes, den wir nicht zu vertreten haben, einschlie\u00dflich h\u00f6herer Gewalt, St\u00f6rung bei der Selbstbelieferung, Streik, Aussperrung etc. die vereinbarten Liefer- und Leistungsfristen nicht einhalten, k\u00f6nnen wir eine angemessene Verschiebung der vereinbarten Termine verlangen oder wegen des noch nicht erf\u00fcllten Teils des Vertrages ganz oder teilweise zur\u00fccktreten.<\/p>\n<p data-fusion-font=\"true\" style=\"font-size: 14px; line-height: 18px;\">4.3 Ist die vom Kunden bestellte Ware nicht verf\u00fcgbar, insbesondere weil Lieferanten trotz vertraglicher Verpflichtung nicht liefern, sind wir zum R\u00fccktritt berechtigt. In diesem Fall werden wir den Kunden unverz\u00fcglich dar\u00fcber informieren, dass das Produkt nicht verf\u00fcgbar ist. Bereits erbrachte Leistungen werden zur\u00fcckerstattet.<\/p>\n<p data-fusion-font=\"true\" style=\"font-size: 14px; line-height: 18px;\">4.4 Teillieferungen werden nicht automatisch ausgef\u00fchrt. Auf Wunsch des Kunden kann aber eine Teillieferung vereinbart werden. Die Versandkosten der zus\u00e4tzlichen Lieferung tr\u00e4gt dabei der Kunde, sofern nichts anderes vereinbart.<\/p>\n<p data-fusion-font=\"true\" style=\"font-size: 14px; line-height: 18px;\">5. Versand und Gefahr\u00fcbergang<\/p>\n<p data-fusion-font=\"true\" style=\"font-size: 14px; line-height: 18px;\">5.1 Sofern der Kunde in Aus\u00fcbung seiner gewerblichen oder selbst\u00e4ndigen beruflichen T\u00e4tigkeit gehandelt (Bestellungen durch Unternehmer) hat, geht die Gefahr auf den K\u00e4ufer \u00fcber, sobald die Ware dem Transportunternehmen \u00fcbergeben worden ist oder zwecks Versendung unseren Gesch\u00e4ftssitz verlassen hat. Dies gilt auch dann, wenn CosH die Transportkosten \u00fcbernommen hat.<\/p>\n<p data-fusion-font=\"true\" style=\"font-size: 14px; line-height: 18px;\">5.2 Sofern der Kunde in Aus\u00fcbung seiner gewerblichen oder selbst\u00e4ndigen beruflichen T\u00e4tigkeit gehandelt (Bestellungen durch Unternehmer) hat, ist die gelieferte Ware sofort bei Anlieferung auf offensichtliche Besch\u00e4digungen zu pr\u00fcfen. \u00c4u\u00dferlich nicht erkennbare Sch\u00e4den m\u00fcssen binnen 7 Tagen nach Annahme der Ware schriftlich angezeigt werden.<\/p>\n<p data-fusion-font=\"true\" style=\"font-size: 14px; line-height: 18px;\">5.3 Die Kosten der R\u00fccksendung \u00fcbernimmt die Firma CosH. Wenn der Kunde vom Widerrufsrecht Gebrauch macht, tr\u00e4gt der K\u00e4ufer bei einer Bestellung bis zu einem Betrag von 40 Euro die regelm\u00e4\u00dfigen Kosten der R\u00fccksendung.<\/p>\n<p data-fusion-font=\"true\" style=\"font-size: 14px; line-height: 18px;\">5.4 Die Gefahr der R\u00fccksendung tr\u00e4gt bei Widerruf und R\u00fcckgabe die Firma CosH. Diese Regelung gilt nur f\u00fcr Endverbraucher.<\/p>\n<p data-fusion-font=\"true\" style=\"font-size: 14px; line-height: 18px;\">6. Eigentumsvorbehalt<\/p>\n<p data-fusion-font=\"true\" style=\"font-size: 14px; line-height: 18px;\">6.1 Der Kaufgegenstand bleibt bis zum vollst\u00e4ndigen Ausgleich von CosH aufgrund des Kaufvertrages zustehenden Forderungen im Eigentum von CosH. Der Eigentumsvorbehalt bleibt auch bestehen f\u00fcr alle Forderungen, die CosH gegen den K\u00e4ufer im Zusammenhang mit dem Kaufgegenstand (z.B. aufgrund von Reparaturen sowie sonstigen Leistungen) nachtr\u00e4glich erwirbt. W\u00e4hrend der Dauer des Eigentumsvorbehaltes ist der K\u00e4ufer zum Besitz und vertragsgem\u00e4\u00dfen Gebrauch des Kaufgegenstandes berechtigt, solange er seinen Verpflichtungen aus dem Eigentumsvorbehalt und seinen Verpflichtungen aus der Gesch\u00e4ftsverbindung fristgerecht nachkommt. Der K\u00e4ufer ist verpflichtet, CosH alle im Rahmen einer Rechtsverfolgung aus vereinbartem Eigentumsvorbehalt erforderlichen Ausk\u00fcnfte zu erteilen.<\/p>\n<p data-fusion-font=\"true\" style=\"font-size: 14px; line-height: 18px;\">6.2 Der K\u00e4ufer ist verpflichtet, die Vorbehaltsware ordnungsgem\u00e4\u00df zu lagern und auf seine Kosten entsprechend der betriebs\u00fcblichen Handhabung beim K\u00e4ufer gegen Diebstahl, Einbruch, Feuer, Wasser und sonstige Sch\u00e4den zu versichern. Die Versicherungsanspr\u00fcche gelten in H\u00f6he des Wertes der Vorbehaltsware als an CosH abgetreten.<\/p>\n<p data-fusion-font=\"true\" style=\"font-size: 14px; line-height: 18px;\">7. Gew\u00e4hrleistung und Haftungsbegrenzung<\/p>\n<p data-fusion-font=\"true\" style=\"font-size: 14px; line-height: 18px;\">7.1 Ein Mangel liegt vor, wenn die Ware bei Gefahr\u00fcbergang nicht die vereinbarte Beschaffenheit hat oder sich zu der vertraglich vereinbarten Verwendung nicht eignet. Ein Mangel liegt nicht vor bei geringf\u00fcgigen Abweichungen, insbesondere gegen\u00fcber Shop- oder Prospektabbildungen. Technische \u00c4nderungen sowie \u00c4nderungen in Form, Farbe und\/oder Gewicht bleiben im Rahmen des Zumutbaren vorbehalten.<\/p>\n<p data-fusion-font=\"true\" style=\"font-size: 14px; line-height: 18px;\">7.2 Beanstandungen wegen Lieferumfang, Sachm\u00e4ngel, Falschlieferungen und Mengenabweichungen sind, soweit diese durch zumutbare Untersuchung feststellbar sind, unverz\u00fcglich, sp\u00e4testens jedoch binnen 14 Tage nach Erhalt der Ware schriftlich per E-Mail oder Fax geltend zu machen.<\/p>\n<p data-fusion-font=\"true\" style=\"font-size: 14px; line-height: 18px;\">7.3 Eine Beschaffenheits- und\/oder Haltbarkeitsgarantie lassen wir nur gegen uns gelten, wenn dies schriftlich mit dem Kunden vereinbart wurde.<\/p>\n<p data-fusion-font=\"true\" style=\"font-size: 14px; line-height: 18px;\">7.4 M\u00e4ngel sind unverz\u00fcglich nach Kenntnis schriftlich und so detailliert wie m\u00f6glich anzuzeigen. Im Falle des Auftretens von M\u00e4ngeln ist der Kunde nach seiner Wahl berechtigt, die Beseitigung des Mangels oder Ersatzlieferung zu fordern (Nacherf\u00fcllung). Wir werden alle zum Zweck der Nacherf\u00fcllung erforderlichen Aufwendungen, insbesondere Transport-, Wege-, Arbeits- und Materialkosten erstatten.<\/p>\n<p data-fusion-font=\"true\" style=\"font-size: 14px; line-height: 18px;\">7.5 Im Falle einer M\u00e4ngelr\u00fcge hat der K\u00e4ufer das entsprechende Ger\u00e4t mit einer m\u00f6glichst genauen Fehlerbeschreibung, einer Kopie der Rechnung und der Originalverpackung an uns zu \u00fcbermitteln. Die Originalverpackung soll nicht als Versandverpackung verwendet werden.<\/p>\n<p data-fusion-font=\"true\" style=\"font-size: 14px; line-height: 18px;\">7.6 Bei Verdacht auf Transportsch\u00e4den oder auf fehlende Ware, ist die Versandverpackung zur Ansicht durch einen Gutachter aufzubewahren. Vor Einsendung der bem\u00e4ngelten Ware hat der K\u00e4ufer auf eigene Kosten eine Datensicherung vorzunehmen.<\/p>\n<p data-fusion-font=\"true\" style=\"font-size: 14px; line-height: 18px;\">7.7 Der Kunde r\u00e4umt uns eine angemessene Frist f\u00fcr die M\u00e4ngelbeseitigung ein. Die Minderung f\u00fcr unerhebliche M\u00e4ngel ist ausgeschlossen.<\/p>\n<p data-fusion-font=\"true\" style=\"font-size: 14px; line-height: 18px;\">7.8 Hat der Kunde selbst oder durch Dritte ohne vorherige schriftliche Zustimmung von uns in die Ware eingegriffen, so wird vermutet, dass der Mangel hierdurch entstanden ist. Der Kunde verliert hierdurch seine M\u00e4ngeleinrede, es sei denn, er weist nach, dass die M\u00e4ngel nicht auf seinen Eingriff zur\u00fcckzuf\u00fchren sind.<\/p>\n<p data-fusion-font=\"true\" style=\"font-size: 14px; line-height: 18px;\">7.9 Die M\u00e4ngelanspr\u00fcche des Kunden verj\u00e4hren in 24 Monaten, gerechnet ab Lieferung. Dies gilt nicht, sofern es sich um gebrauchte Ware handelt. Die Verj\u00e4hrungsfrist f\u00fcr gebrauchte Ware betr\u00e4gt 12 Monate. Sofern der Kunde in Aus\u00fcbung seiner gewerblichen oder selbst\u00e4ndigen beruflichen T\u00e4tigkeit gehandelt (Bestellungen durch Unternehmer) hat, verj\u00e4hren M\u00e4ngelanspr\u00fcche in 6 Monaten.<\/p>\n<p data-fusion-font=\"true\" style=\"font-size: 14px; line-height: 18px;\">8. Haftung<\/p>\n<p data-fusion-font=\"true\" style=\"font-size: 14px; line-height: 18px;\">8.1 CosH haftet f\u00fcr Vorsatz und grobe Fahrl\u00e4ssigkeit nach den gesetzlichen Regelungen.<\/p>\n<p data-fusion-font=\"true\" style=\"font-size: 14px; line-height: 18px;\">8.2 CosH haftet im \u00dcbrigen, gleich aus welchem Rechtsgrund, f\u00fcr leichte Fahrl\u00e4ssigkeit nur, sofern eine Pflicht verletzt wird, deren Einhaltung f\u00fcr die Erreichung des Vertragszwecks von besonderer Bedeutung ist (Kardinalpflicht) und dabei nur f\u00fcr vorhersehbare Sch\u00e4den, mit deren Entstehen typischerweise gerechnet werden muss.<\/p>\n<p data-fusion-font=\"true\" style=\"font-size: 14px; line-height: 18px;\">8.3 Die Haftung nach vorstehender Ziffer ist zudem im Einzelfall summenm\u00e4\u00dfig beschr\u00e4nkt auf das dreifache der Verg\u00fctung f\u00fcr die gelieferte Ware.<\/p>\n<p data-fusion-font=\"true\" style=\"font-size: 14px; line-height: 18px;\">8.4 Die Haftung f\u00fcr Folgesch\u00e4den ist ausgeschlossen.<\/p>\n<p data-fusion-font=\"true\" style=\"font-size: 14px; line-height: 18px;\">8.5 Soweit die Haftung von CosH ausgeschlossen oder beschr\u00e4nkt ist, gilt dies auch zugunsten der Mitarbeiter bzw. Erf\u00fcllungsgehilfen von CosH.<\/p>\n<p data-fusion-font=\"true\" style=\"font-size: 14px; line-height: 18px;\">8.6 Die Haftungsbeschr\u00e4nkung gilt nicht, sofern Anspr\u00fcche aus dem Produkthaftungsgesetz geltend gemacht werden.<\/p>\n<p data-fusion-font=\"true\" style=\"font-size: 14px; line-height: 18px;\">10. Datenschutz<\/p>\n<p data-fusion-font=\"true\" style=\"font-size: 14px; line-height: 18px;\">10.1 Die Parteien beachten die gesetzlichen Bestimmungen zum Datenschutz, insbesondere das Bundesdatenschutzgesetz, DSGVO und das Teledienstdatenschutzgesetz.<\/p>\n<p data-fusion-font=\"true\" style=\"font-size: 14px; line-height: 18px;\">10.2 CosH ist berechtigt, die im Rahmen der Gesch\u00e4ftsbeziehung erforderlichen personenbezogenen Daten des Kunden zu erheben, zu speichern und zu verarbeiten.<\/p>\n<p data-fusion-font=\"true\" style=\"font-size: 14px; line-height: 18px;\">11. Sonstiges<\/p>\n<p data-fusion-font=\"true\" style=\"font-size: 14px; line-height: 18px;\">11.1 Die Unwirksamkeit einzelner Punkte dieser Allgemeinen Gesch\u00e4ftsbedingungen ber\u00fchrt die Wirksamkeit der \u00fcbrigen Bestimmungen nicht. An die Stelle der unwirksamen Bestimmung tritt eine neue Bestimmung, die in ihrer wirtschaftlichen Auswirkung der unwirksamen Bestimmung m\u00f6glichst nahe kommt.<\/p>\n<p data-fusion-font=\"true\" style=\"font-size: 14px; line-height: 18px;\">11.2 Erf\u00fcllungsort und Gerichtsstand f\u00fcr beide Parteien (CosH und Kunde) f\u00fcr Vertr\u00e4ge, die unter Einschluss dieser Allgemeinen Gesch\u00e4ftsbedingungen geschlossen wurden, ist Nuernberg, sofern der Kunde in Aus\u00fcbung seiner gewerblichen oder selbst\u00e4ndigen beruflichen T\u00e4tigkeit gehandelt hat (Bestellungen durch Unternehmer).<\/p>\n<\/div>\n<\/div>\n<\/div>\n<\/div>\n<div id=\"content-6\" class=\"content-12 content-section content-section-spacing\" data-label=\"Content\" data-id=\"content--6\" data-export-id=\"content-12\" data-category=\"content\">\n<div class=\"gridContainer\">\n<div class=\"row text-center\">\n<div class=\"section-title-col\" data-type=\"column\">\n<\/div>\n<\/div>\n<\/div>\n<\/div>\n<\/div><div class=\"fusion-clearfix\"><\/div><\/div><\/div><\/div><\/div>\n","protected":false},"excerpt":{"rendered":"","protected":false},"author":2,"featured_media":0,"parent":0,"menu_order":0,"comment_status":"closed","ping_status":"closed","template":"100-width.php","meta":{"footnotes":""},"class_list":["post-10349","page","type-page","status-publish","hentry"],"yoast_head":"<!-- This site is optimized with the Yoast SEO plugin v27.3 - https:\/\/yoast.com\/product\/yoast-seo-wordpress\/ -->\n<title>Terms &amp; Conditions (german language) - CosH Information Technology<\/title>\n<meta name=\"robots\" content=\"index, follow, max-snippet:-1, max-image-preview:large, max-video-preview:-1\" \/>\n<link rel=\"canonical\" href=\"https:\/\/cosh.de\/agb\/\" \/>\n<meta property=\"og:locale\" content=\"en_US\" \/>\n<meta property=\"og:type\" content=\"article\" \/>\n<meta property=\"og:title\" content=\"Terms &amp; Conditions (german language) - CosH Information Technology\" \/>\n<meta property=\"og:url\" content=\"https:\/\/cosh.de\/agb\/\" \/>\n<meta property=\"og:site_name\" content=\"CosH Information Technology\" \/>\n<meta property=\"article:modified_time\" content=\"2022-03-25T14:37:41+00:00\" \/>\n<meta name=\"twitter:card\" content=\"summary_large_image\" \/>\n<meta name=\"twitter:label1\" content=\"Est. reading time\" \/>\n\t<meta name=\"twitter:data1\" content=\"11 minutes\" \/>\n<script type=\"application\/ld+json\" class=\"yoast-schema-graph\">{\"@context\":\"https:\\\/\\\/schema.org\",\"@graph\":[{\"@type\":\"WebPage\",\"@id\":\"https:\\\/\\\/cosh.de\\\/agb\\\/\",\"url\":\"https:\\\/\\\/cosh.de\\\/agb\\\/\",\"name\":\"Terms &amp; Conditions (german language) - CosH Information Technology\",\"isPartOf\":{\"@id\":\"https:\\\/\\\/cosh.de\\\/#website\"},\"datePublished\":\"2020-03-11T07:19:17+00:00\",\"dateModified\":\"2022-03-25T14:37:41+00:00\",\"breadcrumb\":{\"@id\":\"https:\\\/\\\/cosh.de\\\/agb\\\/#breadcrumb\"},\"inLanguage\":\"en-US\",\"potentialAction\":[{\"@type\":\"ReadAction\",\"target\":[\"https:\\\/\\\/cosh.de\\\/agb\\\/\"]}]},{\"@type\":\"BreadcrumbList\",\"@id\":\"https:\\\/\\\/cosh.de\\\/agb\\\/#breadcrumb\",\"itemListElement\":[{\"@type\":\"ListItem\",\"position\":1,\"name\":\"Startseite\",\"item\":\"https:\\\/\\\/cosh.de\\\/en\\\/\"},{\"@type\":\"ListItem\",\"position\":2,\"name\":\"Terms &amp; Conditions (german language)\"}]},{\"@type\":\"WebSite\",\"@id\":\"https:\\\/\\\/cosh.de\\\/#website\",\"url\":\"https:\\\/\\\/cosh.de\\\/\",\"name\":\"CosH Information Technology\",\"description\":\"IT-Dienstleister &amp; Service Provider N\u00fcrnberg\",\"potentialAction\":[{\"@type\":\"SearchAction\",\"target\":{\"@type\":\"EntryPoint\",\"urlTemplate\":\"https:\\\/\\\/cosh.de\\\/?s={search_term_string}\"},\"query-input\":{\"@type\":\"PropertyValueSpecification\",\"valueRequired\":true,\"valueName\":\"search_term_string\"}}],\"inLanguage\":\"en-US\"}]}<\/script>\n<!-- \/ Yoast SEO plugin. -->","yoast_head_json":{"title":"Terms &amp; Conditions (german language) - CosH Information Technology","robots":{"index":"index","follow":"follow","max-snippet":"max-snippet:-1","max-image-preview":"max-image-preview:large","max-video-preview":"max-video-preview:-1"},"canonical":"https:\/\/cosh.de\/agb\/","og_locale":"en_US","og_type":"article","og_title":"Terms &amp; Conditions (german language) - CosH Information Technology","og_url":"https:\/\/cosh.de\/agb\/","og_site_name":"CosH Information Technology","article_modified_time":"2022-03-25T14:37:41+00:00","twitter_card":"summary_large_image","twitter_misc":{"Est. reading time":"11 minutes"},"schema":{"@context":"https:\/\/schema.org","@graph":[{"@type":"WebPage","@id":"https:\/\/cosh.de\/agb\/","url":"https:\/\/cosh.de\/agb\/","name":"Terms &amp; Conditions (german language) - CosH Information Technology","isPartOf":{"@id":"https:\/\/cosh.de\/#website"},"datePublished":"2020-03-11T07:19:17+00:00","dateModified":"2022-03-25T14:37:41+00:00","breadcrumb":{"@id":"https:\/\/cosh.de\/agb\/#breadcrumb"},"inLanguage":"en-US","potentialAction":[{"@type":"ReadAction","target":["https:\/\/cosh.de\/agb\/"]}]},{"@type":"BreadcrumbList","@id":"https:\/\/cosh.de\/agb\/#breadcrumb","itemListElement":[{"@type":"ListItem","position":1,"name":"Startseite","item":"https:\/\/cosh.de\/en\/"},{"@type":"ListItem","position":2,"name":"Terms &amp; Conditions (german language)"}]},{"@type":"WebSite","@id":"https:\/\/cosh.de\/#website","url":"https:\/\/cosh.de\/","name":"CosH Information Technology","description":"IT-Dienstleister &amp; Service Provider N\u00fcrnberg","potentialAction":[{"@type":"SearchAction","target":{"@type":"EntryPoint","urlTemplate":"https:\/\/cosh.de\/?s={search_term_string}"},"query-input":{"@type":"PropertyValueSpecification","valueRequired":true,"valueName":"search_term_string"}}],"inLanguage":"en-US"}]}},"_links":{"self":[{"href":"https:\/\/cosh.de\/en\/wp-json\/wp\/v2\/pages\/10349","targetHints":{"allow":["GET"]}}],"collection":[{"href":"https:\/\/cosh.de\/en\/wp-json\/wp\/v2\/pages"}],"about":[{"href":"https:\/\/cosh.de\/en\/wp-json\/wp\/v2\/types\/page"}],"author":[{"embeddable":true,"href":"https:\/\/cosh.de\/en\/wp-json\/wp\/v2\/users\/2"}],"replies":[{"embeddable":true,"href":"https:\/\/cosh.de\/en\/wp-json\/wp\/v2\/comments?post=10349"}],"version-history":[{"count":5,"href":"https:\/\/cosh.de\/en\/wp-json\/wp\/v2\/pages\/10349\/revisions"}],"predecessor-version":[{"id":10354,"href":"https:\/\/cosh.de\/en\/wp-json\/wp\/v2\/pages\/10349\/revisions\/10354"}],"wp:attachment":[{"href":"https:\/\/cosh.de\/en\/wp-json\/wp\/v2\/media?parent=10349"}],"curies":[{"name":"wp","href":"https:\/\/api.w.org\/{rel}","templated":true}]}}