{"id":10358,"date":"2021-10-07T15:03:35","date_gmt":"2021-10-07T13:03:35","guid":{"rendered":"https:\/\/cosh.de\/privacy\/"},"modified":"2022-03-25T16:55:10","modified_gmt":"2022-03-25T14:55:10","slug":"privacy","status":"publish","type":"page","link":"https:\/\/cosh.de\/en\/privacy\/","title":{"rendered":"Privacy"},"content":{"rendered":"<div class=\"fusion-fullwidth fullwidth-box fusion-builder-row-1 nonhundred-percent-fullwidth non-hundred-percent-height-scrolling\" style=\"--awb-border-radius-top-left:0px;--awb-border-radius-top-right:0px;--awb-border-radius-bottom-right:0px;--awb-border-radius-bottom-left:0px;--awb-padding-top:6%;--awb-padding-bottom:6%;--awb-flex-wrap:wrap;\" ><div class=\"fusion-builder-row fusion-row\"><div class=\"fusion-layout-column fusion_builder_column fusion-builder-column-0 fusion_builder_column_1_1 1_1 fusion-one-full fusion-column-first fusion-column-last fusion-animated\" style=\"--awb-bg-size:cover;\" data-animationType=\"fadeInUp\" data-animationDuration=\"1.0\" data-animationOffset=\"top-into-view\"><div class=\"fusion-column-wrapper fusion-column-has-shadow fusion-flex-column-wrapper-legacy\"><div class=\"fusion-title title fusion-title-1 fusion-title-text fusion-title-size-two\" style=\"--awb-margin-top-small:0px;--awb-margin-bottom-small:20px;--awb-font-size:2.2em;\"><h2 class=\"fusion-title-heading title-heading-left fusion-responsive-typography-calculated\" style=\"font-family:&quot;Poppins&quot;;font-style:normal;font-weight:700;margin:0;font-size:1em;--fontSize:35.2;line-height:1.2;\">Privacy<\/h2><span class=\"awb-title-spacer\"><\/span><div class=\"title-sep-container\"><div class=\"title-sep sep- sep-solid\" style=\"border-color:#e2e2e2;\"><\/div><\/div><\/div><div class=\"fusion-text fusion-text-1\"><\/div><div class=\"fusion-clearfix\"><\/div><\/div><\/div><div class=\"fusion-layout-column fusion_builder_column fusion-builder-column-1 fusion_builder_column_1_1 1_1 fusion-one-full fusion-column-first fusion-column-last fusion-animated\" style=\"--awb-bg-size:cover;\" data-animationType=\"fadeInUp\" data-animationDuration=\"1.0\" data-animationOffset=\"top-into-view\"><div class=\"fusion-column-wrapper fusion-column-has-shadow fusion-flex-column-wrapper-legacy\"><div class=\"fusion-text fusion-text-2\"><p class=\"lead\"><b>Privacy<\/b><br \/>Die Nutzung unserer Webseite ist in der Regel ohne Angabe personenbezogener Daten m\u00f6glich. Soweit auf unseren Seiten personenbezogene Daten (beispielsweise Name, Anschrift oder eMail-Adressen) erhoben werden, erfolgt dies, soweit m\u00f6glich, stets auf freiwilliger Basis. Diese Daten werden ohne Ihre ausdr\u00fcckliche Zustimmung nicht an Dritte weitergegeben.<br \/>Wir weisen darauf hin, dass die Daten\u00fcbertragung im Internet (z.B. bei der Kommunikation per E-Mail) Sicherheitsl\u00fccken aufweisen kann. Ein l\u00fcckenloser Schutz der Daten vor dem Zugriff durch Dritte ist nicht m\u00f6glich.<br \/>Der Nutzung von im Rahmen der Impressumspflicht ver\u00f6ffentlichten Kontaktdaten durch Dritte zur \u00dcbersendung von nicht ausdr\u00fccklich angeforderter Werbung und Informationsmaterialien wird hiermit ausdr\u00fccklich widersprochen. Die Betreiber der Seiten behalten sich ausdr\u00fccklich rechtliche Schritte im Falle der unverlangten Zusendung von Werbeinformationen, etwa durch Spam-Mails, vor.<\/p>\n<p><b>Datenschutzerkl\u00e4rung f\u00fcr die Nutzung von Facebook-Plugins (Like-Button)<\/b><br \/>Auf unseren Seiten sind Plugins des sozialen Netzwerks Facebook (Facebook Inc., 1601 Willow Road, Menlo Park, California, 94025, USA) integriert. Die Facebook-Plugins erkennen Sie an dem Facebook-Logo oder dem \u201eLike-Button\u201c (\u201eGef\u00e4llt mir\u201c) auf unserer Seite. Eine \u00dcbersicht \u00fcber die Facebook-Plugins finden Sie hier: http:\/\/developers.facebook.com\/docs\/plugins\/.<br \/>Wenn Sie unsere Seiten besuchen, wird \u00fcber das Plugin eine direkte Verbindung zwischen Ihrem Browser und dem Facebook-Server hergestellt. Facebook erh\u00e4lt dadurch die Information, dass Sie mit Ihrer IP-Adresse unsere Seite besucht haben. Wenn Sie den Facebook \u201eLike-Button\u201c anklicken w\u00e4hrend Sie in Ihrem Facebook-Account eingeloggt sind, k\u00f6nnen Sie die Inhalte unserer Seiten auf Ihrem Facebook-Profil verlinken. Dadurch kann Facebook den Besuch unserer Seiten Ihrem Benutzerkonto zuordnen. Wir weisen darauf hin, dass wir als Anbieter der Seiten keine Kenntnis vom Inhalt der \u00fcbermittelten Daten sowie deren Nutzung durch Facebook erhalten. Weitere Informationen hierzu finden Sie in der Datenschutzerkl\u00e4rung von facebook unter http:\/\/de-de.facebook.com\/policy.php<br \/>Wenn Sie nicht w\u00fcnschen, dass Facebook den Besuch unserer Seiten Ihrem Facebook-Nutzerkonto zuordnen kann, loggen Sie sich bitte aus Ihrem Facebook-Benutzerkonto aus.<\/p>\n<p><b>Datenschutzerkl\u00e4rung f\u00fcr die Nutzung von Google Analytics<\/b><br \/>Diese Website benutzt Google Analytics, einen Webanalysedienst der Google Inc. (\u201eGoogle\u201c). Google Analytics verwendet sog. \u201eCookies\u201c, Textdateien, die auf Ihrem Computer gespeichert werden und die eine Analyse der Benutzung der Website durch Sie erm\u00f6glichen. Die durch den Cookie erzeugten Informationen \u00fcber Ihre Benutzung dieser Website werden in der Regel an einen Server von Google in den USA \u00fcbertragen und dort gespeichert. Im Falle der Aktivierung der IP-Anonymisierung auf dieser Webseite wird Ihre IP-Adresse von Google jedoch innerhalb von Mitgliedstaaten der Europ\u00e4ischen Union oder in anderen Vertragsstaaten des Abkommens \u00fcber den Europ\u00e4ischen Wirtschaftsraum zuvor gek\u00fcrzt.<br \/>Nur in Ausnahmef\u00e4llen wird die volle IP-Adresse an einen Server von Google in den USA \u00fcbertragen und dort gek\u00fcrzt. Im Auftrag des Betreibers dieser Website wird Google diese Informationen benutzen, um Ihre Nutzung der Website auszuwerten, um Reports \u00fcber die Websiteaktivit\u00e4ten zusammenzustellen und um weitere mit der Websitenutzung und der Internetnutzung verbundene Dienstleistungen gegen\u00fcber dem Websitebetreiber zu erbringen. Die im Rahmen von Google Analytics von Ihrem Browser \u00fcbermittelte IP-Adresse wird nicht mit anderen Daten von Google zusammengef\u00fchrt.<br \/>Sie k\u00f6nnen die Speicherung der Cookies durch eine entsprechende Einstellung Ihrer Browser-Software verhindern; wir weisen Sie jedoch darauf hin, dass Sie in diesem Fall gegebenenfalls nicht s\u00e4mtliche Funktionen dieser Website vollumf\u00e4nglich werden nutzen k\u00f6nnen. Sie k\u00f6nnen dar\u00fcber hinaus die Erfassung der durch das Cookie erzeugten und auf Ihre Nutzung der Website bezogenen Daten (inkl. Ihrer IP-Adresse) an Google sowie die Verarbeitung dieser Daten durch Google verhindern, indem sie das unter dem folgenden Link verf\u00fcgbare Browser-Plugin herunterladen und installieren: http:\/\/tools.google.com\/dlpage\/gaoptout?hl=de.<br \/>Klicken Sie hier um Google Analytics auf dieser Seite deaktivieren<\/p>\n<\/p>\n<p><b>Datenschutzerkl\u00e4rung f\u00fcr die Nutzung von HubSpot<\/b><\/p>\n<p>Wir setzen bei der CosH Consulting GmbH das HubSpot CRM (im Folgenden \u201eHubSpot\u201c), eine All-in-one-Plattform f\u00fcr Inbound-Marketing, Sales, CRM und Kundenservice, der HubSpot Inc., 25 First Street, 2nd Floor, Cambridge, MA 02141 USA, zur Speicherung und Verarbeitung der Daten aus und in unseren Vertriebs- und Marketingprozessen ein. Da HubSpot nicht garantieren kann, dass Daten nicht in die USA \u00fcbertragen werden, haben wir mit HubSpot Vereinbarungen auf Grundlage von EU-Standardvertragsklauseln geschlossen. HubSpot, Inc. beteiligt sich am EU-US Privacy-Shield-Abkommen und dem Swiss-U.S. Privacy Shield und ist f\u00fcr deren Einhaltung zertifiziert. Weitere Informationen zum Datenschutzschild-(Privacy Shield)-Abkommen finden Sie unter \u201ePrivacy Shield List\u201c auf der Homepage des U.S. Department of Commerce (https:\/\/www.privacyshield.gov).<\/p>\n<p>Die folgenden mit HubSpot Inc. verbundenen Unternehmen erf\u00fcllen die Datenschutzgrunds\u00e4tze der benannten Privacy Shields: HubSpot Ireland Limited, HubSpot Australia Pty Ltd, HubSpot Asia Pte. Ltd. und HubSpot Japan KK.<\/p>\n<p>Wir haben gem\u00e4\u00df Art. 28 DSGVO einen Auftragsverarbeitungsvertrag mit HubSpot Inc. geschlossen und setzen die sich daraus ergebenden Vorgaben vollst\u00e4ndig um.<\/p>\n<p>Details und Informationen zu den Datenschutzbestimmungen von HubSpot finden Sie unter https:\/\/legal.HubSpot.com\/de\/privacy-policy.<\/p>\n<p>Da wir Kunde von HubSpot mit Sitz im Europ\u00e4ischen Wirtschaftsraum (\u201eEWR\u201c) sind, ist HubSpot Ireland Limited f\u00fcr uns der Verantwortliche bei der Verarbeitung Ihrer personenbezogenen Daten.<\/p>\n<p>Konkrete Details und Informationen zu den von HubSpot verwendeten Cookies finden Sie unter https:\/\/legal.HubSpot.com\/cookie-policy und https:\/\/legal.HubSpot.com\/de\/cookie-policy. <span style=\"background-color: rgba(255, 255, 255, 0); color: var(--body_typography-color); font-family: var(--body_typography-font-family); font-size: var(--body_typography-font-size); font-style: var(--body_typography-font-style,normal); font-weight: var(--body_typography-font-weight); letter-spacing: var(--body_typography-letter-spacing);\">Den Datenschutzbeauftragten von HubSpot erreichen Sie unter privacy@HubSpot.com.<\/span><\/p>\n<p>Zentrales Element von HubSpot sind kundenbezogene Profile, die generiert werden, sobald ein Erstkontakt mit uns telefonisch, elektronisch\/digital, per E-Mail, \u00fcber unsere Website (z.B. durch das Absenden eines Formulars) oder unseren Chatbot oder auf sonstige Weise erfolgt.<\/p>\n<p>Wir setzen in unserem Unternehmen HubSpot f\u00fcr folgende T\u00e4tigkeiten ein:<\/p>\n<ul>\n<li>Customer Relations Management und Kundenservice<\/li>\n<li>Kontaktformulare \/ E-Mail<\/li>\n<li>Individualisiertes E-Mail-Marketing (Newsletter\/Infomail, automatisierte Mails bspw. zur Bereitstellung von Downloads)<\/li>\n<li>Content Management (Website und Blog, Landingpages)<\/li>\n<li>Social Media Publishing &amp; Reporting<\/li>\n<li>Reporting (z.B. Traffic-Quellen, Zugriffe, etc. \u2026)<\/li>\n<li>Customer Relations Management und Kundenservice<\/li>\n<li>Chatbot<\/li>\n<\/ul>\n<p>Wir erfassen die uns von Ihnen im Rahmen von vorvertraglichen und vertraglichen Kontakten erhobenen Daten in HubSpot um<\/p>\n<ul>\n<li>eine Kundendatei zu f\u00fchren,<\/li>\n<li>interne Aufgaben zu organisieren,<\/li>\n<li>den allgemeinen Kundenservice (Anfragen, Angebotsanfragen, R\u00fcckrufe, etc.) zu organisieren,<\/li>\n<li>interne Abl\u00e4ufe zu optimieren und zu kontrollieren (z.B. \u00dcberwachung von Kundenkontakten, Aufgabenerinnerungsmanagement, Reporting, etc.)<\/li>\n<li>unser Inbound-Marketing zu organisieren, zu kontrollieren und zu optimieren<\/li>\n<\/ul>\n<p>Wir erheben diese Daten, weil dies zur Erf\u00fcllung eines Vertrags mit Ihnen oder zur Durchf\u00fchrung vorvertraglicher Ma\u00dfnahmen, die auf Ihre Anfrage erfolgen, im Sinne des Art. 6 Abs.1 b) DSGVO, erforderlich ist oder weil die Verarbeitung zur Erf\u00fcllung einer rechtlichen Verpflichtung, Art. 6 Abs.1 c) DSGVO erforderlich ist und CosH als Verantwortlicher dieser Verpflichtung unterliegt.<\/p>\n<p>Zudem erheben und nutzen wir diese Daten aufgrund unseres berechtigten Interesses im Sinne von Art. 6 Abs. 1 f) DSGVO, um mit unseren Kunden in Kontakt zu treten, um zu ermitteln, welche Leistungen unseres Unternehmens f\u00fcr unsere Kunden interessant sind und zur individualisierten werbenden Ansprache, soweit diese rechtlich zul\u00e4ssig ist.<\/p>\n<p><b>Kontaktformular \/ E-Mail<\/b><\/p>\n<p>um uns direkt zu kontaktieren. Formularfelder, die von Ihnen in jedem Fall auszuf\u00fcllen sind, um uns \u00fcber dieses Formular zu kontaktieren, damit wir uns bei Ihnen auf Ihre Anfrage melden k\u00f6nnen, sind mit einem * als Pflichtfeld markiert.<\/p>\n<p>Wenn Sie das von Ihnen ausgef\u00fcllte Formular an uns versenden, werden die von Ihnen angegebenen Daten, sowie Ihre IP-Adresse, Datum und Uhrzeit, zun\u00e4chst von HubSpot f\u00fcr uns verarbeitet und uns dann in unserem HubSpot-System zur Verf\u00fcgung gestellt. Diese Verarbeitung Ihrer personenbezogenen Daten ist notwendig, damit wir Ihre Anfrage \u00fcber das Kontaktformular bearbeiten und beantworten k\u00f6nnen, Art. 6 Abs.1 b) DSGVO.<\/p>\n<p>Wenn Sie zu uns direkt per E-Mail Kontakt aufnehmen, werden wir die Angaben, die Sie uns gegen\u00fcber in dieser E-Mail machen, ebenfalls speichern, verarbeiten und in unser Hubspot-System einpflegen. Diese Verarbeitung Ihrer personenbezogenen Daten ist notwendig, damit wir Ihre Anfrage bearbeiten und beantworten k\u00f6nnen, Art. 6 Abs.1 b) DSGVO.<\/p>\n<p>Zudem werden die durch das Kontaktformular und per E-Mail erhobenen Daten in HubSpot gespeichert und verarbeitet, um im Rahmen unseres berechtigten Interesses im Sinne von Art. 6 Abs. 1 f) DSGVO, um zu erfassen warum Kunden mit uns in Kontakt getreten sind und um zu ermitteln, welche Leistungen unseres Unternehmens f\u00fcr unsere Kunden besonders interessant sind. Erg\u00e4nzend verwenden wir diese Daten zur individualisierten Information unserer Kontakte \u00fcber die von uns angebotenen Leistungen, soweit diese rechtlich zul\u00e4ssig ist.<\/p>\n<p>Wir l\u00f6schen die auf diese Weise erhobenen Daten, sofern diese nicht mehr erforderlich sind und etwaige gesetzliche Aufbewahrungspflichten abgelaufen sind. Ob Daten zu l\u00f6schen sind, \u00fcberpr\u00fcfen wir j\u00e4hrlich. Im Rahmen der gesetzlichen Aufbewahrungspflichten (gem. HGB 6 Jahre, gem. AO 10 Jahre) erfolgt die L\u00f6schung nach Ablauf des Jahres, in dem diese abl\u00e4uft.<\/p>\n<p>Kontaktformular f\u00fcr E-Mail-Marketing \/ Blog-Updates<\/p>\n<p>Auf unserer Website finden Sie verschiedene Kontaktformulare, \u00fcber die Sie von uns kostenloses Informationsmaterial (Marketing Assets wie z.B. eine Webanalyse-Kit, ein Whitepaper, etc.), Veranstaltungstickets und\/oder einen Newsletter (z.B. Blog-Updates, etc.) zu verschiedenen Gebieten unserer Leistungen anfordern k\u00f6nnen. Um dieses Informationsmaterial von uns zu erhalten ist ein Formular auszuf\u00fcllen und an uns zu versenden. Formularfelder, die von Ihnen zum Erhalt des Informationsmaterials in jedem Fall auszuf\u00fcllen sind, sind mit einem * als Pflichtfeld markiert.<\/p>\n<p>Die \u00fcber die Kontaktformulare f\u00fcr Informationsmaterial, kostenlose Veranstaltungen und dem Abonnement von Newslettern erhobenen Daten werden uns in HubSpot zur Verf\u00fcgung gestellt, dort gespeichert und verarbeitet. Gespeichert werden neben den von Ihnen eingegebenen Daten, ihre IP-Adresse und der Zeitpunkt, zu dem Sie den Marketing-Newsletter abonniert haben. Zus\u00e4tzlich zu den Formulardaten wertet HubSpot mit Absenden der Formulardaten die zu Ihnen \u00fcber Cookies gesammelten Daten aus. Mit Hilfe von HubSpot k\u00f6nnen wir Ihnen individualisierte und ma\u00dfgeschneiderte Informationen zu unseren Leistungen zukommen lassen. Dies hat f\u00fcr uns nicht nur den Vorteil, dass wir Ihnen zielgerichtet nur Informationen zukommen lassen, von denen wir ausgehen, dass diese Sie wirklich interessiert. Zudem verfolgen wir auch, ob Sie \u00fcberhaupt an den von uns zur Verf\u00fcgung gestellten Informationen ein Interesse haben oder, ob wir Sie nur mit f\u00fcr uns und f\u00fcr Sie unn\u00f6tigen und nervigen E-Mails bel\u00e4stigen. Sollten wir dies feststellen, sind wir bem\u00fcht Ihnen dann auch keine Informationen mehr zur Verf\u00fcgung zu stellen. Denn, auch wir haben kein Interesse daran haben, Ihnen mit E-Mails auf die Nerven zu gehen, die Sie gar nicht lesen und l\u00f6schen oder schlimmstenfalls sogar uns, die CosH Consulting GmbH, negativ im Ged\u00e4chtnis behalten. Zu dieser Art der Datenverarbeitung haben Sie gem. Art. 6 Abs. 1 a) DSGVO Ihre Einwilligung erteilt. Diese Einwilligung k\u00f6nnen Sie selbstverst\u00e4ndlich und jederzeit widerrufen.<\/p>\n<\/div><div class=\"fusion-clearfix\"><\/div><\/div><\/div><\/div><\/div>\n","protected":false},"excerpt":{"rendered":"","protected":false},"author":2,"featured_media":0,"parent":0,"menu_order":0,"comment_status":"closed","ping_status":"closed","template":"100-width.php","meta":{"footnotes":""},"class_list":["post-10358","page","type-page","status-publish","hentry"],"yoast_head":"<!-- This site is optimized with the Yoast SEO plugin v27.3 - https:\/\/yoast.com\/product\/yoast-seo-wordpress\/ -->\n<title>Privacy - CosH Information Technology<\/title>\n<meta name=\"robots\" content=\"index, follow, max-snippet:-1, max-image-preview:large, max-video-preview:-1\" \/>\n<link rel=\"canonical\" href=\"https:\/\/cosh.de\/datenschutz\/\" \/>\n<meta property=\"og:locale\" content=\"en_US\" \/>\n<meta property=\"og:type\" content=\"article\" \/>\n<meta property=\"og:title\" content=\"Privacy - CosH Information Technology\" \/>\n<meta property=\"og:url\" content=\"https:\/\/cosh.de\/datenschutz\/\" \/>\n<meta property=\"og:site_name\" content=\"CosH Information Technology\" \/>\n<meta property=\"article:modified_time\" content=\"2022-03-25T14:55:10+00:00\" \/>\n<meta name=\"twitter:card\" content=\"summary_large_image\" \/>\n<meta name=\"twitter:label1\" content=\"Est. reading time\" \/>\n\t<meta name=\"twitter:data1\" content=\"11 minutes\" \/>\n<script type=\"application\/ld+json\" class=\"yoast-schema-graph\">{\"@context\":\"https:\\\/\\\/schema.org\",\"@graph\":[{\"@type\":\"WebPage\",\"@id\":\"https:\\\/\\\/cosh.de\\\/datenschutz\\\/\",\"url\":\"https:\\\/\\\/cosh.de\\\/datenschutz\\\/\",\"name\":\"Privacy - CosH Information Technology\",\"isPartOf\":{\"@id\":\"https:\\\/\\\/cosh.de\\\/#website\"},\"datePublished\":\"2021-10-07T13:03:35+00:00\",\"dateModified\":\"2022-03-25T14:55:10+00:00\",\"breadcrumb\":{\"@id\":\"https:\\\/\\\/cosh.de\\\/datenschutz\\\/#breadcrumb\"},\"inLanguage\":\"en-US\",\"potentialAction\":[{\"@type\":\"ReadAction\",\"target\":[\"https:\\\/\\\/cosh.de\\\/datenschutz\\\/\"]}]},{\"@type\":\"BreadcrumbList\",\"@id\":\"https:\\\/\\\/cosh.de\\\/datenschutz\\\/#breadcrumb\",\"itemListElement\":[{\"@type\":\"ListItem\",\"position\":1,\"name\":\"Startseite\",\"item\":\"https:\\\/\\\/cosh.de\\\/en\\\/\"},{\"@type\":\"ListItem\",\"position\":2,\"name\":\"Privacy\"}]},{\"@type\":\"WebSite\",\"@id\":\"https:\\\/\\\/cosh.de\\\/#website\",\"url\":\"https:\\\/\\\/cosh.de\\\/\",\"name\":\"CosH Information Technology\",\"description\":\"IT-Dienstleister &amp; Service Provider N\u00fcrnberg\",\"potentialAction\":[{\"@type\":\"SearchAction\",\"target\":{\"@type\":\"EntryPoint\",\"urlTemplate\":\"https:\\\/\\\/cosh.de\\\/?s={search_term_string}\"},\"query-input\":{\"@type\":\"PropertyValueSpecification\",\"valueRequired\":true,\"valueName\":\"search_term_string\"}}],\"inLanguage\":\"en-US\"}]}<\/script>\n<!-- \/ Yoast SEO plugin. -->","yoast_head_json":{"title":"Privacy - CosH Information Technology","robots":{"index":"index","follow":"follow","max-snippet":"max-snippet:-1","max-image-preview":"max-image-preview:large","max-video-preview":"max-video-preview:-1"},"canonical":"https:\/\/cosh.de\/datenschutz\/","og_locale":"en_US","og_type":"article","og_title":"Privacy - CosH Information Technology","og_url":"https:\/\/cosh.de\/datenschutz\/","og_site_name":"CosH Information Technology","article_modified_time":"2022-03-25T14:55:10+00:00","twitter_card":"summary_large_image","twitter_misc":{"Est. reading time":"11 minutes"},"schema":{"@context":"https:\/\/schema.org","@graph":[{"@type":"WebPage","@id":"https:\/\/cosh.de\/datenschutz\/","url":"https:\/\/cosh.de\/datenschutz\/","name":"Privacy - CosH Information Technology","isPartOf":{"@id":"https:\/\/cosh.de\/#website"},"datePublished":"2021-10-07T13:03:35+00:00","dateModified":"2022-03-25T14:55:10+00:00","breadcrumb":{"@id":"https:\/\/cosh.de\/datenschutz\/#breadcrumb"},"inLanguage":"en-US","potentialAction":[{"@type":"ReadAction","target":["https:\/\/cosh.de\/datenschutz\/"]}]},{"@type":"BreadcrumbList","@id":"https:\/\/cosh.de\/datenschutz\/#breadcrumb","itemListElement":[{"@type":"ListItem","position":1,"name":"Startseite","item":"https:\/\/cosh.de\/en\/"},{"@type":"ListItem","position":2,"name":"Privacy"}]},{"@type":"WebSite","@id":"https:\/\/cosh.de\/#website","url":"https:\/\/cosh.de\/","name":"CosH Information Technology","description":"IT-Dienstleister &amp; Service Provider N\u00fcrnberg","potentialAction":[{"@type":"SearchAction","target":{"@type":"EntryPoint","urlTemplate":"https:\/\/cosh.de\/?s={search_term_string}"},"query-input":{"@type":"PropertyValueSpecification","valueRequired":true,"valueName":"search_term_string"}}],"inLanguage":"en-US"}]}},"_links":{"self":[{"href":"https:\/\/cosh.de\/en\/wp-json\/wp\/v2\/pages\/10358","targetHints":{"allow":["GET"]}}],"collection":[{"href":"https:\/\/cosh.de\/en\/wp-json\/wp\/v2\/pages"}],"about":[{"href":"https:\/\/cosh.de\/en\/wp-json\/wp\/v2\/types\/page"}],"author":[{"embeddable":true,"href":"https:\/\/cosh.de\/en\/wp-json\/wp\/v2\/users\/2"}],"replies":[{"embeddable":true,"href":"https:\/\/cosh.de\/en\/wp-json\/wp\/v2\/comments?post=10358"}],"version-history":[{"count":2,"href":"https:\/\/cosh.de\/en\/wp-json\/wp\/v2\/pages\/10358\/revisions"}],"predecessor-version":[{"id":10360,"href":"https:\/\/cosh.de\/en\/wp-json\/wp\/v2\/pages\/10358\/revisions\/10360"}],"wp:attachment":[{"href":"https:\/\/cosh.de\/en\/wp-json\/wp\/v2\/media?parent=10358"}],"curies":[{"name":"wp","href":"https:\/\/api.w.org\/{rel}","templated":true}]}}