{"id":10361,"date":"2020-03-11T09:19:33","date_gmt":"2020-03-11T07:19:33","guid":{"rendered":"https:\/\/cosh.de\/imprint\/"},"modified":"2022-03-25T17:02:16","modified_gmt":"2022-03-25T15:02:16","slug":"imprint","status":"publish","type":"page","link":"https:\/\/cosh.de\/en\/imprint\/","title":{"rendered":"Imprint"},"content":{"rendered":"<div class=\"fusion-fullwidth fullwidth-box fusion-builder-row-1 nonhundred-percent-fullwidth non-hundred-percent-height-scrolling\" style=\"--awb-border-radius-top-left:0px;--awb-border-radius-top-right:0px;--awb-border-radius-bottom-right:0px;--awb-border-radius-bottom-left:0px;--awb-padding-top:6%;--awb-padding-bottom:6%;--awb-flex-wrap:wrap;\" ><div class=\"fusion-builder-row fusion-row\"><div class=\"fusion-layout-column fusion_builder_column fusion-builder-column-0 fusion_builder_column_1_1 1_1 fusion-one-full fusion-column-first fusion-column-last fusion-animated\" style=\"--awb-bg-size:cover;\" data-animationType=\"fadeInUp\" data-animationDuration=\"1.0\" data-animationOffset=\"top-into-view\"><div class=\"fusion-column-wrapper fusion-column-has-shadow fusion-flex-column-wrapper-legacy\"><div class=\"fusion-title title fusion-title-1 fusion-title-text fusion-title-size-two\" style=\"--awb-margin-top-small:0px;--awb-margin-bottom-small:20px;--awb-font-size:2.2em;\"><h2 class=\"fusion-title-heading title-heading-left fusion-responsive-typography-calculated\" style=\"font-family:&quot;Poppins&quot;;font-style:normal;font-weight:700;margin:0;font-size:1em;--fontSize:35.2;line-height:1.2;\">Imprint<\/h2><span class=\"awb-title-spacer\"><\/span><div class=\"title-sep-container\"><div class=\"title-sep sep- sep-solid\" style=\"border-color:#e2e2e2;\"><\/div><\/div><\/div><div class=\"fusion-text fusion-text-1\"><\/div><div class=\"fusion-clearfix\"><\/div><\/div><\/div><div class=\"fusion-layout-column fusion_builder_column fusion-builder-column-1 fusion_builder_column_1_1 1_1 fusion-one-full fusion-column-first fusion-column-last fusion-animated\" style=\"--awb-bg-size:cover;\" data-animationType=\"fadeInUp\" data-animationDuration=\"1.0\" data-animationOffset=\"top-into-view\"><div class=\"fusion-column-wrapper fusion-column-has-shadow fusion-flex-column-wrapper-legacy\"><div class=\"fusion-text fusion-text-2\"><p class=\"lead\">Angaben gem\u00e4\u00df \u00a7 5 TMG:<br \/>CosH Consulting GmbH<br \/>Gesch\u00e4ftsf\u00fchrer Manuel Wagner<br \/>Witschelstra\u00dfe 95<br \/>90431 Nuremberg \/ Germany<\/p>\n<p>Kontakt:<br \/>Phone: +49 (0) 911 477 595 0<br \/>FAX: +49 (0) 911 477 595 99<br \/>E-Mail: vertrieb@cosh.de<\/p>\n<p>Umsatzsteuer-ID: Umsatzsteuer-Identifikationsnummer gem\u00e4\u00df \u00a727 a Umsatzsteuergesetz:<br \/>DE305075143<br \/>Amtsgericht N\u00fcrnberg<br \/>Handelsregisternummer: 32632<\/p>\n<p>Aufsichtsbeh\u00f6rde:<br \/>Landratsamt Lauf a.d. Pegnitz<\/p>\n<p>Angaben zur Berufshaftpflichtversicherung: Name und Sitz der Gesellschaft:<br \/>Allianz Versicherungs AG<br \/>K\u00f6niginstra\u00dfe 28<br \/>80802 M\u00fcnchen<br \/>Geltungsraum der Versicherung: Deutschland<\/p>\n<p>Quelle: http:\/\/www.e-recht24.de<br \/>Grafikquellen: www.freepik.com, flaticon.com<br \/>Fotoquellen: www.unsplash.com www.pixabay.com<\/p>\n<p>Haftungsausschluss (Disclaimer)<br \/>Haftung f\u00fcr Inhalte<br \/>Als Diensteanbieter sind wir gem\u00e4\u00df \u00a7 7 Abs.1 TMG f\u00fcr eigene Inhalte auf diesen Seiten nach den allgemeinen Gesetzen verantwortlich. Nach \u00a7\u00a7 8 bis 10 TMG sind wir als Diensteanbieter jedoch nicht verpflichtet, \u00fcbermittelte oder gespeicherte fremde Informationen zu \u00fcberwachen oder nach Umst\u00e4nden zu forschen, die auf eine rechtswidrige T\u00e4tigkeit hinweisen. Verpflichtungen zur Entfernung oder Sperrung der Nutzung von Informationen nach den allgemeinen Gesetzen bleiben hiervon unber\u00fchrt. Eine diesbez\u00fcgliche Haftung ist jedoch erst ab dem Zeitpunkt der Kenntnis einer konkreten Rechtsverletzung m\u00f6glich. Bei Bekanntwerden von entsprechenden Rechtsverletzungen werden wir diese Inhalte umgehend entfernen.<\/p>\n<p>Haftung f\u00fcr Links<br \/>Unser Angebot enth\u00e4lt Links zu externen Webseiten Dritter, auf deren Inhalte wir keinen Einfluss haben. Deshalb k\u00f6nnen wir f\u00fcr diese fremden Inhalte auch keine Gew\u00e4hr \u00fcbernehmen. F\u00fcr die Inhalte der verlinkten Seiten ist stets der jeweilige Anbieter oder Betreiber der Seiten verantwortlich. Die verlinkten Seiten wurden zum Zeitpunkt der Verlinkung auf m\u00f6gliche Rechtsverst\u00f6\u00dfe \u00fcberpr\u00fcft. Rechtswidrige Inhalte waren zum Zeitpunkt der Verlinkung nicht erkennbar. Eine permanente inhaltliche Kontrolle der verlinkten Seiten ist jedoch ohne konkrete Anhaltspunkte einer Rechtsverletzung nicht zumutbar. Bei Bekanntwerden von Rechtsverletzungen werden wir derartige Links umgehend entfernen.<\/p>\n<p>Urheberrecht<br \/>Die durch die Seitenbetreiber erstellten Inhalte und Werke auf diesen Seiten unterliegen dem deutschen Urheberrecht. Die Vervielf\u00e4ltigung, Bearbeitung, Verbreitung und jede Art der Verwertung au\u00dferhalb der Grenzen des Urheberrechtes bed\u00fcrfen der schriftlichen Zustimmung des jeweiligen Autors bzw. Erstellers. Downloads und Kopien dieser Seite sind nur f\u00fcr den privaten, nicht kommerziellen Gebrauch gestattet. Soweit die Inhalte auf dieser Seite nicht vom Betreiber erstellt wurden, werden die Urheberrechte Dritter beachtet. Insbesondere werden Inhalte Dritter als solche gekennzeichnet. Sollten Sie trotzdem auf eine Urheberrechtsverletzung aufmerksam werden, bitten wir um einen entsprechenden Hinweis. Bei Bekanntwerden von Rechtsverletzungen werden wir derartige Inhalte umgehend entfernen.<\/p>\n<p>Markenrecht<br \/>Die verwendeten Markenzeichen genie\u00dfen markenrechtlichen Schutz. Dies gilt z.B. f\u00fcr Modellbezeichnungen, Typenschilder, Logos, Embleme sowie die Bezeichnungen von Service-Leistungen. Alle verwendeten Namen, Begriffe, Zeichen und Grafiken k\u00f6nnen Marken- und Warenzeichen oder Handelsmarken im Besitze ihrer rechtlichen Eigent\u00fcmer sein und werden innerhalb dieses Angebotes nur zur reinen Identifikation verwendet. Sie m\u00fcssen nicht vollst\u00e4ndig separat als solche gekennzeichnet sein. Die Rechte aller erw\u00e4hnten und benutzten Marken- und Warenzeichen liegen ausschlie\u00dflich bei deren Besitzern \/ Inhabern. Der Schriftzug \u201eCosH Computersysteme\u201c, \u201eCosH information technology\u201c, \u201eWorkplace as a Service (eingetragene Wort-Bild-Marke)\u201c und das dazugeh\u00f6rige Logo sind Eigentum der CosH Consulting GmbH.<\/p>\n<\/div><div class=\"fusion-clearfix\"><\/div><\/div><\/div><\/div><\/div>\n","protected":false},"excerpt":{"rendered":"","protected":false},"author":2,"featured_media":0,"parent":0,"menu_order":0,"comment_status":"closed","ping_status":"closed","template":"100-width.php","meta":{"footnotes":""},"class_list":["post-10361","page","type-page","status-publish","hentry"],"yoast_head":"<!-- This site is optimized with the Yoast SEO plugin v27.3 - https:\/\/yoast.com\/product\/yoast-seo-wordpress\/ -->\n<title>Imprint - CosH Information Technology<\/title>\n<meta name=\"robots\" content=\"index, follow, max-snippet:-1, max-image-preview:large, max-video-preview:-1\" \/>\n<link rel=\"canonical\" href=\"https:\/\/cosh.de\/impressum\/\" \/>\n<meta property=\"og:locale\" content=\"en_US\" \/>\n<meta property=\"og:type\" content=\"article\" \/>\n<meta property=\"og:title\" content=\"Imprint - CosH Information Technology\" \/>\n<meta property=\"og:url\" content=\"https:\/\/cosh.de\/impressum\/\" \/>\n<meta property=\"og:site_name\" content=\"CosH Information Technology\" \/>\n<meta property=\"article:modified_time\" content=\"2022-03-25T15:02:16+00:00\" \/>\n<meta name=\"twitter:card\" content=\"summary_large_image\" \/>\n<meta name=\"twitter:label1\" content=\"Est. reading time\" \/>\n\t<meta name=\"twitter:data1\" content=\"5 minutes\" \/>\n<script type=\"application\/ld+json\" class=\"yoast-schema-graph\">{\"@context\":\"https:\\\/\\\/schema.org\",\"@graph\":[{\"@type\":\"WebPage\",\"@id\":\"https:\\\/\\\/cosh.de\\\/impressum\\\/\",\"url\":\"https:\\\/\\\/cosh.de\\\/impressum\\\/\",\"name\":\"Imprint - CosH Information Technology\",\"isPartOf\":{\"@id\":\"https:\\\/\\\/cosh.de\\\/#website\"},\"datePublished\":\"2020-03-11T07:19:33+00:00\",\"dateModified\":\"2022-03-25T15:02:16+00:00\",\"breadcrumb\":{\"@id\":\"https:\\\/\\\/cosh.de\\\/impressum\\\/#breadcrumb\"},\"inLanguage\":\"en-US\",\"potentialAction\":[{\"@type\":\"ReadAction\",\"target\":[\"https:\\\/\\\/cosh.de\\\/impressum\\\/\"]}]},{\"@type\":\"BreadcrumbList\",\"@id\":\"https:\\\/\\\/cosh.de\\\/impressum\\\/#breadcrumb\",\"itemListElement\":[{\"@type\":\"ListItem\",\"position\":1,\"name\":\"Startseite\",\"item\":\"https:\\\/\\\/cosh.de\\\/en\\\/\"},{\"@type\":\"ListItem\",\"position\":2,\"name\":\"Imprint\"}]},{\"@type\":\"WebSite\",\"@id\":\"https:\\\/\\\/cosh.de\\\/#website\",\"url\":\"https:\\\/\\\/cosh.de\\\/\",\"name\":\"CosH Information Technology\",\"description\":\"IT-Dienstleister &amp; Service Provider N\u00fcrnberg\",\"potentialAction\":[{\"@type\":\"SearchAction\",\"target\":{\"@type\":\"EntryPoint\",\"urlTemplate\":\"https:\\\/\\\/cosh.de\\\/?s={search_term_string}\"},\"query-input\":{\"@type\":\"PropertyValueSpecification\",\"valueRequired\":true,\"valueName\":\"search_term_string\"}}],\"inLanguage\":\"en-US\"}]}<\/script>\n<!-- \/ Yoast SEO plugin. -->","yoast_head_json":{"title":"Imprint - CosH Information Technology","robots":{"index":"index","follow":"follow","max-snippet":"max-snippet:-1","max-image-preview":"max-image-preview:large","max-video-preview":"max-video-preview:-1"},"canonical":"https:\/\/cosh.de\/impressum\/","og_locale":"en_US","og_type":"article","og_title":"Imprint - CosH Information Technology","og_url":"https:\/\/cosh.de\/impressum\/","og_site_name":"CosH Information Technology","article_modified_time":"2022-03-25T15:02:16+00:00","twitter_card":"summary_large_image","twitter_misc":{"Est. reading time":"5 minutes"},"schema":{"@context":"https:\/\/schema.org","@graph":[{"@type":"WebPage","@id":"https:\/\/cosh.de\/impressum\/","url":"https:\/\/cosh.de\/impressum\/","name":"Imprint - CosH Information Technology","isPartOf":{"@id":"https:\/\/cosh.de\/#website"},"datePublished":"2020-03-11T07:19:33+00:00","dateModified":"2022-03-25T15:02:16+00:00","breadcrumb":{"@id":"https:\/\/cosh.de\/impressum\/#breadcrumb"},"inLanguage":"en-US","potentialAction":[{"@type":"ReadAction","target":["https:\/\/cosh.de\/impressum\/"]}]},{"@type":"BreadcrumbList","@id":"https:\/\/cosh.de\/impressum\/#breadcrumb","itemListElement":[{"@type":"ListItem","position":1,"name":"Startseite","item":"https:\/\/cosh.de\/en\/"},{"@type":"ListItem","position":2,"name":"Imprint"}]},{"@type":"WebSite","@id":"https:\/\/cosh.de\/#website","url":"https:\/\/cosh.de\/","name":"CosH Information Technology","description":"IT-Dienstleister &amp; Service Provider N\u00fcrnberg","potentialAction":[{"@type":"SearchAction","target":{"@type":"EntryPoint","urlTemplate":"https:\/\/cosh.de\/?s={search_term_string}"},"query-input":{"@type":"PropertyValueSpecification","valueRequired":true,"valueName":"search_term_string"}}],"inLanguage":"en-US"}]}},"_links":{"self":[{"href":"https:\/\/cosh.de\/en\/wp-json\/wp\/v2\/pages\/10361","targetHints":{"allow":["GET"]}}],"collection":[{"href":"https:\/\/cosh.de\/en\/wp-json\/wp\/v2\/pages"}],"about":[{"href":"https:\/\/cosh.de\/en\/wp-json\/wp\/v2\/types\/page"}],"author":[{"embeddable":true,"href":"https:\/\/cosh.de\/en\/wp-json\/wp\/v2\/users\/2"}],"replies":[{"embeddable":true,"href":"https:\/\/cosh.de\/en\/wp-json\/wp\/v2\/comments?post=10361"}],"version-history":[{"count":2,"href":"https:\/\/cosh.de\/en\/wp-json\/wp\/v2\/pages\/10361\/revisions"}],"predecessor-version":[{"id":10363,"href":"https:\/\/cosh.de\/en\/wp-json\/wp\/v2\/pages\/10361\/revisions\/10363"}],"wp:attachment":[{"href":"https:\/\/cosh.de\/en\/wp-json\/wp\/v2\/media?parent=10361"}],"curies":[{"name":"wp","href":"https:\/\/api.w.org\/{rel}","templated":true}]}}